{"id":1120,"date":"2021-09-26T16:26:48","date_gmt":"2021-09-26T14:26:48","guid":{"rendered":"https:\/\/markthomas.at\/?page_id=1120"},"modified":"2021-09-28T12:33:47","modified_gmt":"2021-09-28T10:33:47","slug":"legal-information","status":"publish","type":"page","link":"https:\/\/markthomas.at\/en\/legal-information\/","title":{"rendered":"Legal Information"},"content":{"rendered":"\n<p><strong>MEDIENINHABER \/ LEGAL INFORMATION<br><\/strong><\/p>\n\n\n\n<p><strong>MARKTHOMAS GmbH<\/strong><br>Gesch\u00e4ftsf\u00fchrung: Thomas Zichtl<br>Schr\u00f6ttergasse 31-33\/47<br>1100 Wien<br>\u00d6sterreich<\/p>\n\n\n\n<p>Firmenbuchnummer: FN 385676x, HG Wien<\/p>\n\n\n\n<p>Gerichtsstand: Wien<\/p>\n\n\n\n<p>UID-Nummer: ATU67434519<\/p>\n\n\n\n<p><strong>Unternehmensgegenstand<\/strong>: Design und Handel mit Gl\u00e4sern<\/p>\n\n\n\n<p><strong>Kundenanfragen<\/strong>:<\/p>\n\n\n\n<p>E-Mail:&nbsp;office@markthomas.at&nbsp;<\/p>\n\n\n\n<p>Telefon: +43 (0)676&nbsp;719 4899<\/p>\n","protected":false},"excerpt":{"rendered":"<p>MEDIENINHABER \/ LEGAL INFORMATION MARKTHOMAS GmbHGesch\u00e4ftsf\u00fchrung: Thomas ZichtlSchr\u00f6ttergasse 31-33\/471100 Wien\u00d6sterreich Firmenbuchnummer: FN 385676x, HG Wien Gerichtsstand: Wien UID-Nummer: ATU67434519 Unternehmensgegenstand: Design und Handel mit Gl\u00e4sern Kundenanfragen: E-Mail:&nbsp;office@markthomas.at&nbsp; Telefon: +43 (0)676&nbsp;719 4899<\/p>\n","protected":false},"author":1,"featured_media":0,"parent":0,"menu_order":0,"comment_status":"closed","ping_status":"closed","template":"","meta":{"_acf_changed":false,"footnotes":""},"class_list":["post-1120","page","type-page","status-publish","hentry"],"acf":[],"_links":{"self":[{"href":"https:\/\/markthomas.at\/en\/wp-json\/wp\/v2\/pages\/1120","targetHints":{"allow":["GET"]}}],"collection":[{"href":"https:\/\/markthomas.at\/en\/wp-json\/wp\/v2\/pages"}],"about":[{"href":"https:\/\/markthomas.at\/en\/wp-json\/wp\/v2\/types\/page"}],"author":[{"embeddable":true,"href":"https:\/\/markthomas.at\/en\/wp-json\/wp\/v2\/users\/1"}],"replies":[{"embeddable":true,"href":"https:\/\/markthomas.at\/en\/wp-json\/wp\/v2\/comments?post=1120"}],"version-history":[{"count":3,"href":"https:\/\/markthomas.at\/en\/wp-json\/wp\/v2\/pages\/1120\/revisions"}],"predecessor-version":[{"id":1217,"href":"https:\/\/markthomas.at\/en\/wp-json\/wp\/v2\/pages\/1120\/revisions\/1217"}],"wp:attachment":[{"href":"https:\/\/markthomas.at\/en\/wp-json\/wp\/v2\/media?parent=1120"}],"curies":[{"name":"wp","href":"https:\/\/api.w.org\/{rel}","templated":true}]}}