{"id":1135,"date":"2021-09-26T17:04:50","date_gmt":"2021-09-26T15:04:50","guid":{"rendered":"https:\/\/markthomas.at\/?page_id=1135"},"modified":"2021-09-26T19:24:11","modified_gmt":"2021-09-26T17:24:11","slug":"conditions","status":"publish","type":"page","link":"https:\/\/markthomas.at\/en\/conditions\/","title":{"rendered":"Conditions"},"content":{"rendered":"\n<p><strong>Allgemeine Gesch\u00e4ftsbedingungen der MARKTHOMAS GmbH<\/strong><\/p>\n\n\n\n<p><strong>A.) LIEFERKONDITIONEN<\/strong><\/p>\n\n\n\n<p><strong>Liefergebiet<\/strong><br>Wir liefern innerhalb der EU&nbsp;<\/p>\n\n\n\n<p><strong>Mindestbestellmenge<\/strong><br>2 (zwei St\u00fcck). Individuelle Probierpakete sind mit allen Produkten m\u00f6glich.<\/p>\n\n\n\n<p><strong>Auslieferung&nbsp;<\/strong><br>Die Auslieferung der Ware erfolgt in Kartons durch Post, Bahn, Botendienst oder Spedition. Die Zustellung erfolgt nur montags bis freitags. Eine Zustellung in den Abendstunden ist nicht m\u00f6glich.<\/p>\n\n\n\n<p><strong>Verpackung<\/strong><br>Alle Gl\u00e4ser sind in 2-er Verkaufseinheiten transportsicher verpackt.<\/p>\n\n\n\n<p><strong>Lieferzeit<\/strong><br>Wir bieten Ihnen eine Lieferzeit von 3 &#8211; 5 Werktagen innerhalb \u00d6sterreichs bzw. Deutschlands.&nbsp;<\/p>\n\n\n\n<p><strong>Versandkosten<\/strong><br>Die Zuzahlung f\u00fcr Fracht und Verpackung h\u00e4ngt von Ihrer Bestellmenge (Einkaufswert in Euro) ab. Ihr Warenkorb zeigt den jeweils f\u00e4lligen Betrag an. Wenn Sie die Bestellmenge \u00e4ndern, klicken Sie bitte anschlie\u00dfend auf &#8220;Warenkorb aktualisieren&#8221;, um alles neu berechnen zu lassen.<\/p>\n\n\n\n<p><strong>Transportversicherung<\/strong><br>Alle Sendungen, sind ohne weitere Zuzahlung des Kunden gegen Bruch oder Diebstahl versichert.<\/p>\n\n\n\n<p><strong>Lieferbedingungen<\/strong><\/p>\n\n\n\n<p>Im Falle einer Nichtverf\u00fcgbarkeit der bestellten Ware behalten wir uns vor, nicht zu liefern. Bereits geleistete Zahlungen werden dann umgehend zur\u00fcckerstattet. In der Regel informieren wir Sie in diesen F\u00e4llen.<\/p>\n\n\n\n<p><strong>Reklamationen und R\u00fccksendungen<\/strong><\/p>\n\n\n\n<p>Sollte die gelieferte Ware Transportsch\u00e4den aufweisen, so lassen Sie sich dies bitte sofort vom Zusteller auf einem formlosen Schreiben best\u00e4tigen. Setzen Sie sich innerhalb von 48 Std. mit uns in Verbindung und sehen Sie bis dahin bitte von einer R\u00fccksendung der Ware ab.<\/p>\n\n\n\n<p><strong>Gew\u00e4hrleistung<\/strong><\/p>\n\n\n\n<p>Bei allen Waren aus unserem Shop bestehen gesetzliche Gew\u00e4hrleistungsanspr\u00fcche.<\/p>\n\n\n\n<p><strong>B.) ZAHLUNGSKONDITIONEN<\/strong><\/p>\n\n\n\n<p><strong>Zahlung gegen Rechnung<\/strong><\/p>\n\n\n\n<p>Im Anschluss an Ihre Bestellung erhalten Sie von uns per E-Mail eine Rechnung, um deren Begleichung per \u00dcberweisung wir ersuchen.<\/p>\n\n\n\n<p><strong>Zahlung per Paypal<\/strong><\/p>\n\n\n\n<p>Die Zahlung erfolgt \u00fcber ihr PayPal Konto.&nbsp;In diesem Fall werden Sie w\u00e4hrend des Bestellprozesses automatisch auf die PayPal-Seite weitergeleitet. Dort k\u00f6nnen Sie sich mit Ihren Login-Daten anmelden und anschlie\u00dfend die Zahlung best\u00e4tigen. Die Abbuchung erfolgt per Kreditkarte, Lastschrift oder Guthaben &#8211; je nachdem, welches der Zahlungsmittel Sie bei PayPal hinterlegt haben. Falls Sie noch kein PayPal-Konto haben, k\u00f6nnen Sie auf der PayPal-Seite eines anlegen.<\/p>\n\n\n\n<p><strong>C.) SONSTIGE BESTIMMUNGEN ZUM KAUF UND ZUR LIEFERUNG<\/strong><\/p>\n\n\n\n<p><strong>Zustandekommen des Kaufvertrages<\/strong><br>Der Kaufvertrag kommt durch die Online-Bestellung (konkret: das Klicken auf &#8220;Bestellung abschicken&#8221; &nbsp;des K\u00e4ufers und unsere Auftragsbest\u00e4tigung zustande, die wir regul\u00e4r per e-mail versenden.<\/p>\n\n\n\n<p><strong>Preisangaben<\/strong><br>Alle Preise sind Endpreis in EUR inklusive der jeweils in \u00d6sterreich g\u00fcltigen Mehrwertsteuer. Es gelten die Preise zum Zeitpunkt der Bestellung.<\/p>\n\n\n\n<p><strong>Sonstiges<\/strong><br>Unser Angebot ist freibleibend. Die ausgewiesenen Preise sind bis zu ihrer Aktualisierung verbindlich. Preis\u00e4nderungen und Druckfehler vorbehalten.<\/p>\n\n\n\n<p>Die Ware bleibt bis zur vollst\u00e4ndigen Zahlung unser Eigentum. Der Kaufvertrag unterliegt \u00f6sterreichischem Recht. Gerichtsstandort: Wien<\/p>\n\n\n\n<p><strong>D.) KONTAKTADRESSE<\/strong><\/p>\n\n\n\n<p><strong>MARKTHOMAS GmbH<\/strong><br>Gesch\u00e4ftsf\u00fchrung: Thomas Zichtl<br>Schr\u00f6ttergasse 31-33\/47<br>1010 Wien<br>\u00d6sterreich<\/p>\n\n\n\n<p>Firmenbuchnummer: FN 385676 x<br>HG Wien<\/p>\n\n\n\n<p>Gerichtsstand: Wien<\/p>\n\n\n\n<p>UID-Nummer: ATU67434519<\/p>\n\n\n\n<p>Stand der Allgemeinen Gesch\u00e4ftsbedingungen: 24.11.2020<\/p>\n","protected":false},"excerpt":{"rendered":"<p>Allgemeine Gesch\u00e4ftsbedingungen der MARKTHOMAS GmbH A.) LIEFERKONDITIONEN LiefergebietWir liefern innerhalb der EU&nbsp; Mindestbestellmenge2 (zwei St\u00fcck). Individuelle Probierpakete sind mit allen Produkten m\u00f6glich. Auslieferung&nbsp;Die Auslieferung der Ware erfolgt in Kartons durch Post, Bahn, Botendienst oder Spedition. Die Zustellung erfolgt nur montags bis freitags. Eine Zustellung in den Abendstunden ist nicht m\u00f6glich. VerpackungAlle Gl\u00e4ser sind in 2-er [&hellip;]<\/p>\n","protected":false},"author":1,"featured_media":0,"parent":0,"menu_order":0,"comment_status":"closed","ping_status":"closed","template":"","meta":{"_acf_changed":false,"footnotes":""},"class_list":["post-1135","page","type-page","status-publish","hentry"],"acf":[],"_links":{"self":[{"href":"https:\/\/markthomas.at\/en\/wp-json\/wp\/v2\/pages\/1135","targetHints":{"allow":["GET"]}}],"collection":[{"href":"https:\/\/markthomas.at\/en\/wp-json\/wp\/v2\/pages"}],"about":[{"href":"https:\/\/markthomas.at\/en\/wp-json\/wp\/v2\/types\/page"}],"author":[{"embeddable":true,"href":"https:\/\/markthomas.at\/en\/wp-json\/wp\/v2\/users\/1"}],"replies":[{"embeddable":true,"href":"https:\/\/markthomas.at\/en\/wp-json\/wp\/v2\/comments?post=1135"}],"version-history":[{"count":2,"href":"https:\/\/markthomas.at\/en\/wp-json\/wp\/v2\/pages\/1135\/revisions"}],"predecessor-version":[{"id":1166,"href":"https:\/\/markthomas.at\/en\/wp-json\/wp\/v2\/pages\/1135\/revisions\/1166"}],"wp:attachment":[{"href":"https:\/\/markthomas.at\/en\/wp-json\/wp\/v2\/media?parent=1135"}],"curies":[{"name":"wp","href":"https:\/\/api.w.org\/{rel}","templated":true}]}}