{"id":1167,"date":"2021-09-26T19:25:24","date_gmt":"2021-09-26T17:25:24","guid":{"rendered":"https:\/\/markthomas.at\/?page_id=1167"},"modified":"2021-09-26T19:25:24","modified_gmt":"2021-09-26T17:25:24","slug":"shipping-costs","status":"publish","type":"page","link":"https:\/\/markthomas.at\/en\/shipping-costs\/","title":{"rendered":"Shipping Costs"},"content":{"rendered":"\n<p><strong>\u00d6sterreich:<\/strong><strong><\/strong><\/p>\n\n\n\n<p>Aktuell versenden wir Bestellungen ab einen Bestellwert von Euro 150,00&nbsp; (auch gemischt) in ganz \u00d6sterreiche versandkostenfrei!<\/p>\n\n\n\n<p>Bei einem Bestellwert von weniger als Euro 150,00 verrechnen wir in \u00d6sterreich pauschal Euro 8,00 pro Bestellung \/ Lieferung.<\/p>\n\n\n\n<p><strong>EU: <\/strong><strong><\/strong><\/p>\n\n\n\n<p>Aktuell versenden wir Bestellungen ab einen Bestellwert von Euro 150,00&nbsp; (auch gemischt) in der EU versandkostenfrei!<\/p>\n\n\n\n<p>Bei einem Bestellwert von weniger als Euro 150,00 verrechnen wir&nbsp; pauschal Euro 12,00 pro Bestellung \/ Lieferung.<\/p>\n\n\n\n<p><strong>Norwegen und Schweiz:<\/strong><strong><\/strong><\/p>\n\n\n\n<p>Aktuell versenden wir Bestellungen ab einen Bestellwert von Euro 150,00&nbsp; (auch gemischt) in die Schweiz und Norwegen versandkostenfrei!<\/p>\n\n\n\n<p>Bei einem Bestellwert von weniger als Euro 150,00 verrechnen wir pauschal Euro 15,00 pro Bestellung \/ Lieferung.<\/p>\n\n\n\n<p><strong>Andere L\u00e4nder:<\/strong><strong><\/strong><\/p>\n\n\n\n<p>Interessenten aus anderen L\u00e4ndern bitten wir um Kontaktaufnahme unter den im Men\u00fcpunkt &#8220;<em>Kontakt<\/em>&#8221; angef\u00fchrten Kontaktm\u00f6glichkeiten.<\/p>\n\n\n\n<p>Wir versenden unsere Gl\u00e4ser \u00fcber \u00d6-Post, Hermes, DHL, DPD in speziellen Versandkartons. Gr\u00f6ssere Bestellungen k\u00f6nnen auch \u00fcber eine externe Spedition abwickelt werden; bitte kontaktieren Sie uns diesbez\u00fcglich unter einer der im Bereich &#8220;Kontakt&#8221; angef\u00fchrten M\u00f6glichkeiten.<\/p>\n\n\n\n<p>&nbsp;<strong>Versicherung:&nbsp;<\/strong><\/p>\n\n\n\n<p>Alle Sendingen sind gegen Transportsch\u00e4den (Bruch oder Verlust des Paketes) bis zu einem Warenwert von \u20ac 520,&#8211; versichert!&nbsp;Auch bei einem h\u00f6heren Bestellwert erfolgt der Versand der Ware nicht auf Gefahr des Verbrauchers.<\/p>\n\n\n\n<p><strong>Sonstiges:<\/strong><\/p>\n\n\n\n<p>Mindestbestellmenge: 2 (zwei) St\u00fcck \/ Gl\u00e4ser. &nbsp;&nbsp;&nbsp;&nbsp;&nbsp;&nbsp;&nbsp;&nbsp;&nbsp;&nbsp;&nbsp;&nbsp;&nbsp;&nbsp;&nbsp;&nbsp;Alle Preise in EUR.<\/p>\n\n\n\n<p>Sofern auf den Produktseiten nicht anders ausgewiesen, betr\u00e4gt die Lieferzeit ca. 3-5 Werktage.<\/p>\n","protected":false},"excerpt":{"rendered":"<p>\u00d6sterreich: Aktuell versenden wir Bestellungen ab einen Bestellwert von Euro 150,00&nbsp; (auch gemischt) in ganz \u00d6sterreiche versandkostenfrei! Bei einem Bestellwert von weniger als Euro 150,00 verrechnen wir in \u00d6sterreich pauschal Euro 8,00 pro Bestellung \/ Lieferung. EU: Aktuell versenden wir Bestellungen ab einen Bestellwert von Euro 150,00&nbsp; (auch gemischt) in der EU versandkostenfrei! Bei einem [&hellip;]<\/p>\n","protected":false},"author":1,"featured_media":0,"parent":0,"menu_order":0,"comment_status":"closed","ping_status":"closed","template":"","meta":{"_acf_changed":false,"footnotes":""},"class_list":["post-1167","page","type-page","status-publish","hentry"],"acf":[],"_links":{"self":[{"href":"https:\/\/markthomas.at\/en\/wp-json\/wp\/v2\/pages\/1167","targetHints":{"allow":["GET"]}}],"collection":[{"href":"https:\/\/markthomas.at\/en\/wp-json\/wp\/v2\/pages"}],"about":[{"href":"https:\/\/markthomas.at\/en\/wp-json\/wp\/v2\/types\/page"}],"author":[{"embeddable":true,"href":"https:\/\/markthomas.at\/en\/wp-json\/wp\/v2\/users\/1"}],"replies":[{"embeddable":true,"href":"https:\/\/markthomas.at\/en\/wp-json\/wp\/v2\/comments?post=1167"}],"version-history":[{"count":1,"href":"https:\/\/markthomas.at\/en\/wp-json\/wp\/v2\/pages\/1167\/revisions"}],"predecessor-version":[{"id":1168,"href":"https:\/\/markthomas.at\/en\/wp-json\/wp\/v2\/pages\/1167\/revisions\/1168"}],"wp:attachment":[{"href":"https:\/\/markthomas.at\/en\/wp-json\/wp\/v2\/media?parent=1167"}],"curies":[{"name":"wp","href":"https:\/\/api.w.org\/{rel}","templated":true}]}}